{"id":464,"date":"2021-06-18T08:01:55","date_gmt":"2021-06-18T06:01:55","guid":{"rendered":"https:\/\/whiblo.pl\/polityka-prywatnosci\/"},"modified":"2021-09-28T10:39:59","modified_gmt":"2021-09-28T08:39:59","slug":"privacy-policy","status":"publish","type":"page","link":"https:\/\/whiblo.pl\/en\/privacy-policy\/","title":{"rendered":"privacy policy"},"content":{"rendered":"\r\n<h2 class=\"wp-block-heading\">Kim jeste\u015bmy<\/h2>\r\n\r\n\r\n\r\n<p>Adres naszej strony internetowej to: https:\/\/whiblo.pl.<\/p>\r\n\r\n\r\n\r\n<h2 class=\"wp-block-heading\">Jakie dane osobiste zbieramy i&nbsp;dlaczego je zbieramy<\/h2>\r\n\r\n\r\n\r\n<h3 class=\"wp-block-heading\">Komentarze<\/h3>\r\n\r\n\r\n\r\n<p>Kiedy odwiedzaj\u0105cy witryn\u0119 zostawia komentarz, zbieramy dane widoczne w&nbsp;formularzu komentowania, jak i&nbsp;adres IP odwiedzaj\u0105cego oraz podpis jego przegl\u0105darki jako pomoc przy wykrywaniu spamu.<\/p>\r\n\r\n\r\n\r\n<p>Zanonimizowany ci\u0105g znak\u00f3w stworzony na podstawie twojego adresu email (tak zwany hash) mo\u017ce zosta\u0107 przes\u0142any do us\u0142ugi Gravatar w&nbsp;celu sprawdzenia czy jej u\u017cywasz. Polityka prywatno\u015bci us\u0142ugi Gravatar jest dost\u0119pna tutaj: https:\/\/automattic.com\/privacy\/. Po zatwierdzeniu komentarza tw\u00f3j obrazek profilowy jest widoczny publicznie w&nbsp;kontek\u015bcie twojego komentarza.<\/p>\r\n\r\n\r\n\r\n<h3 class=\"wp-block-heading\">Media<\/h3>\r\n\r\n\r\n\r\n<p>Je\u015bli jeste\u015b zarejestrowanym u\u017cytkownikiem i&nbsp;wgrywasz na witryn\u0119 obrazki, powiniene\u015b unika\u0107 przesy\u0142ania obrazk\u00f3w z&nbsp;tagami EXIF lokalizacji. Odwiedzaj\u0105cy stron\u0119 mog\u0105 pobra\u0107 i&nbsp;odczyta\u0107 pe\u0142ne dane lokalizacyjne z&nbsp;obrazk\u00f3w w&nbsp;witrynie.<\/p>\r\n\r\n\r\n\r\n<h3 class=\"wp-block-heading\">Formularze kontaktowe<\/h3>\r\n\r\n\r\n\r\n<h3 class=\"wp-block-heading\">Ciasteczka<\/h3>\r\n\r\n\r\n\r\n<p>Je\u015bli zostawisz na naszej witrynie komentarz, b\u0119dziesz m\u00f3g\u0142 wybra\u0107 opcj\u0119 zapisu twojej nazwy, adresu email i&nbsp;adresu strony internetowej w&nbsp;ciasteczkach, dzi\u0119ki kt\u00f3rym podczas pisania kolejnych komentarzy powy\u017csze informacje b\u0119d\u0105 ju\u017c dogodnie uzupe\u0142nione. Te ciasteczka wygasaj\u0105 po roku.<\/p>\r\n\r\n\r\n\r\n<p>Je\u015bli odwiedzisz stron\u0119 logowania, utworzymy tymczasowe ciasteczko na potrzeby sprawdzenia czy twoja przegl\u0105darka akceptuje ciasteczka. To ciasteczko nie zawiera \u017cadnych danych osobistych i&nbsp;zostanie wyrzucone, kiedy zamkniesz przegl\u0105dark\u0119.<\/p>\r\n\r\n\r\n\r\n<p>Podczas logowania tworzymy dodatkowo kilka ciasteczek potrzebnych do zapisu twoich informacji logowania oraz wybranych opcji ekranu. Ciasteczka logowania wygasaj\u0105 po dw\u00f3ch dniach, a&nbsp;opcji ekranu po roku. Je\u015bli zaznaczysz opcj\u0119 \u201ePami\u0119taj mnie\u201d, logowanie wyga\u015bnie po dw\u00f3ch tygodniach. Je\u015bli wylogujesz si\u0119 ze swojego konta, ciasteczka logowania zostan\u0105 usuni\u0119te.<\/p>\r\n\r\n\r\n\r\n<p>Je\u015bli zmodyfikujesz albo opublikujesz artyku\u0142, w&nbsp;twojej przegl\u0105darce zostanie zapisane dodatkowe ciasteczko. To ciasteczko nie zawiera \u017cadnych danych osobistych, wskazuj\u0105c po prostu na identyfikator przed chwil\u0105 edytowanego artyku\u0142u. Wygasa ono po 1 dniu.<\/p>\r\n\r\n\r\n\r\n<h3 class=\"wp-block-heading\">Osadzone tre\u015bci z&nbsp;innych witryn<\/h3>\r\n\r\n\r\n\r\n<p>Artyku\u0142y na tej witrynie mog\u0105 zawiera\u0107 osadzone tre\u015bci (np. filmy, obrazki, artyku\u0142y itp.). Osadzone tre\u015bci z&nbsp;innych witryn zachowuj\u0105 si\u0119 analogicznie do tego, jakby u\u017cytkownik odwiedzi\u0142 bezpo\u015brednio konkretn\u0105 witryn\u0119.<\/p>\r\n\r\n\r\n\r\n<p>Witryny mog\u0105 zbiera\u0107 informacje o&nbsp;tobie, u\u017cywa\u0107 ciasteczek, do\u0142\u0105cza\u0107 dodatkowe, zewn\u0119trzne systemy \u015bledzenia i&nbsp;monitorowa\u0107 twoje interakcje z&nbsp;osadzonym materia\u0142em, w\u0142\u0105czaj\u0105c w&nbsp;to \u015bledzenie twoich interakcji z&nbsp;osadzonym materia\u0142em je\u015bli posiadasz konto i&nbsp;jeste\u015b zalogowany w&nbsp;tamtej witrynie.<\/p>\r\n\r\n\r\n\r\n<h3 class=\"wp-block-heading\">Analiza statystyk<\/h3>\r\n\r\n\r\n\r\n<h2 class=\"wp-block-heading\">Z kim dzielimy si\u0119 danymi<\/h2>\r\n\r\n\r\n\r\n<p>Je\u015bli za\u017c\u0105dasz zresetowania has\u0142a, tw\u00f3j adres IP zostanie do\u0142\u0105czony do wysy\u0142anej wiadomo\u015bci.<\/p>\r\n\r\n\r\n\r\n<h2 class=\"wp-block-heading\">Jak d\u0142ugo przechowujemy twoje dane<\/h2>\r\n\r\n\r\n\r\n<p>Je\u015bli zostawisz komentarz, jego tre\u015b\u0107 i&nbsp;metadane b\u0119d\u0105 przechowywane przez czas nieokre\u015blony. Dzi\u0119ki temu jeste\u015bmy w&nbsp;stanie rozpoznawa\u0107 i&nbsp;zatwierdza\u0107 kolejne komentarze automatycznie, bez wysy\u0142ania ich do ka\u017cdorazowej moderacji.<\/p>\r\n\r\n\r\n\r\n<p>Dla u\u017cytkownik\u00f3w kt\u00f3rzy zarejestrowali si\u0119 na naszej stronie internetowej (je\u015bli tacy s\u0105), przechowujemy r\u00f3wnie\u017c informacje osobiste wprowadzone w&nbsp;profilu. Ka\u017cdy u\u017cytkownik mo\u017ce dokona\u0107 wgl\u0105du, korekty albo skasowa\u0107 swoje informacje osobiste w&nbsp;dowolnej chwili (nie licz\u0105c nazwy u\u017cytkownika, kt\u00f3rej nie mo\u017cna zmieni\u0107). Administratorzy strony r\u00f3wnie\u017c mog\u0105 przegl\u0105da\u0107 i&nbsp;modyfikowa\u0107 te informacje.<\/p>\r\n\r\n\r\n\r\n<h2 class=\"wp-block-heading\">Jakie masz prawa do swoich danych<\/h2>\r\n\r\n\r\n\r\n<p>Je\u015bli masz konto u\u017cytkownika albo doda\u0142e\u015b komentarze w&nbsp;tej witrynie, mo\u017cesz za\u017c\u0105da\u0107 dostarczenia pliku z&nbsp;wyeksportowanym kompletem twoich danych osobistych b\u0119d\u0105cych w&nbsp;naszym posiadaniu, w&nbsp;tym ca\u0142o\u015b\u0107 tych dostarczonych przez ciebie. Mo\u017cesz r\u00f3wnie\u017c za\u017c\u0105da\u0107 usuni\u0119cia przez nas ca\u0142o\u015bci twoich danych osobistych w&nbsp;naszym posiadaniu. Nie dotyczy to \u017cadnych danych kt\u00f3re jeste\u015bmy zobligowani zachowa\u0107 ze wzgl\u0119d\u00f3w administracyjnych, prawnych albo bezpiecze\u0144stwa.<\/p>\r\n\r\n\r\n\r\n<h2 class=\"wp-block-heading\">Gdzie przesy\u0142amy dane<\/h2>\r\n\r\n\r\n\r\n<p>Komentarze go\u015bci mog\u0105 by\u0107 sprawdzane za pomoc\u0105 automatycznej us\u0142ugi wykrywania spamu.<\/p>\r\n\r\n\r\n\r\n<h2 class=\"wp-block-heading\">Twoje dane kontaktowe<\/h2>\r\n\r\n\r\n\r\n<h2 class=\"wp-block-heading\">Informacje dodatkowe<\/h2>\r\n\r\n\r\n\r\n<h3 class=\"wp-block-heading\">Jak chronimy twoje dane?<\/h3>\r\n\r\n\r\n\r\n<h3 class=\"wp-block-heading\">Jakie mamy obowi\u0105zuj\u0105ce procedury w&nbsp;przypadku naruszenia prywatno\u015bci danych<\/h3>\r\n\r\n\r\n\r\n<h3 class=\"wp-block-heading\">Od jakich stron trzecich otrzymujemy dane<\/h3>\r\n\r\n\r\n\r\n<h3 class=\"wp-block-heading\">Jakie automatyczne podejmowanie decyzji i\/lub tworzenie profili przeprowadzamy z&nbsp;u\u017cyciem danych u\u017cytkownika<\/h3>\r\n\r\n\r\n\r\n<h3 class=\"wp-block-heading\">Bran\u017cowe wymogi regulacyjne dotycz\u0105ce ujawniania informacji<\/h3>\r\n","protected":false},"excerpt":{"rendered":"<p>Kim jeste\u015bmy Adres naszej strony internetowej to: https:\/\/whiblo.pl. Jakie dane osobiste zbieramy i&nbsp;dlaczego je zbieramy Komentarze Kiedy odwiedzaj\u0105cy witryn\u0119 zostawia komentarz, zbieramy dane widoczne w&nbsp;formularzu komentowania, jak i&nbsp;adres IP odwiedzaj\u0105cego oraz podpis jego przegl\u0105darki jako pomoc przy wykrywaniu spamu. Zanonimizowany ci\u0105g znak\u00f3w stworzony na podstawie twojego adresu email (tak zwany hash) mo\u017ce zosta\u0107 przes\u0142any do&#8230;<\/p>\n","protected":false},"author":2,"featured_media":0,"parent":0,"menu_order":99999,"comment_status":"closed","ping_status":"closed","template":"","meta":{"inline_featured_image":false,"footnotes":"","_links_to":"","_links_to_target":""},"class_list":["post-464","page","type-page","status-publish","hentry"],"yoast_head":"<!-- This site is optimized with the Yoast SEO Premium plugin v26.6 (Yoast SEO v26.6) - https:\/\/yoast.com\/wordpress\/plugins\/seo\/ -->\n<title>privacy policy - whiblo<\/title>\n<meta name=\"robots\" content=\"index, follow, max-snippet:-1, max-image-preview:large, max-video-preview:-1\" \/>\n<link rel=\"canonical\" href=\"https:\/\/whiblo.pl\/en\/privacy-policy\/\" \/>\n<meta property=\"og:locale\" content=\"en_US\" \/>\n<meta property=\"og:type\" content=\"article\" \/>\n<meta property=\"og:title\" content=\"privacy policy\" \/>\n<meta property=\"og:description\" content=\"Kim jeste\u015bmy Adres naszej strony internetowej to: https:\/\/whiblo.pl. Jakie dane osobiste zbieramy i&nbsp;dlaczego je zbieramy Komentarze Kiedy odwiedzaj\u0105cy witryn\u0119 zostawia komentarz, zbieramy dane widoczne w&nbsp;formularzu komentowania, jak i&nbsp;adres IP odwiedzaj\u0105cego oraz podpis jego przegl\u0105darki jako pomoc przy wykrywaniu spamu. Zanonimizowany ci\u0105g znak\u00f3w stworzony na podstawie twojego adresu email (tak zwany hash) mo\u017ce zosta\u0107 przes\u0142any do...\" \/>\n<meta property=\"og:url\" content=\"https:\/\/whiblo.pl\/en\/privacy-policy\/\" \/>\n<meta property=\"og:site_name\" content=\"whiblo\" \/>\n<meta property=\"article:publisher\" content=\"https:\/\/m.facebook.com\/p\/Whiblo-aplikacja-dla-sygnalistw-100076240065931\/\" \/>\n<meta property=\"article:modified_time\" content=\"2021-09-28T08:39:59+00:00\" \/>\n<meta property=\"og:image\" content=\"https:\/\/whiblo.pl\/wp-content\/uploads\/2024\/06\/whiblo__300v2_565.png\" \/>\n\t<meta property=\"og:image:width\" content=\"1200\" \/>\n\t<meta property=\"og:image:height\" content=\"630\" \/>\n\t<meta property=\"og:image:type\" content=\"image\/png\" \/>\n<meta name=\"twitter:card\" content=\"summary_large_image\" \/>\n<meta name=\"twitter:site\" content=\"@whiblo_\" \/>\n<meta name=\"twitter:label1\" content=\"Est. reading time\" \/>\n\t<meta name=\"twitter:data1\" content=\"3 minutes\" \/>\n<script type=\"application\/ld+json\" class=\"yoast-schema-graph\">{\"@context\":\"https:\/\/schema.org\",\"@graph\":[{\"@type\":\"WebPage\",\"@id\":\"https:\/\/whiblo.pl\/en\/privacy-policy\/\",\"url\":\"https:\/\/whiblo.pl\/en\/privacy-policy\/\",\"name\":\"privacy policy - whiblo\",\"isPartOf\":{\"@id\":\"https:\/\/whiblo.pl\/#website\"},\"datePublished\":\"2021-06-18T06:01:55+00:00\",\"dateModified\":\"2021-09-28T08:39:59+00:00\",\"breadcrumb\":{\"@id\":\"https:\/\/whiblo.pl\/en\/privacy-policy\/#breadcrumb\"},\"inLanguage\":\"en-US\",\"potentialAction\":[{\"@type\":\"ReadAction\",\"target\":[\"https:\/\/whiblo.pl\/en\/privacy-policy\/\"]}]},{\"@type\":\"BreadcrumbList\",\"@id\":\"https:\/\/whiblo.pl\/en\/privacy-policy\/#breadcrumb\",\"itemListElement\":[{\"@type\":\"ListItem\",\"position\":1,\"name\":\"Strona g\u0142\u00f3wna\",\"item\":\"https:\/\/whiblo.pl\/en\/\"},{\"@type\":\"ListItem\",\"position\":2,\"name\":\"privacy policy\"}]},{\"@type\":\"WebSite\",\"@id\":\"https:\/\/whiblo.pl\/#website\",\"url\":\"https:\/\/whiblo.pl\/\",\"name\":\"whiblo\",\"description\":\"whiblo \u2013 anonimowe zg\u0142aszanie nieprawid\u0142owo\u015bci\",\"publisher\":{\"@id\":\"https:\/\/whiblo.pl\/#organization\"},\"potentialAction\":[{\"@type\":\"SearchAction\",\"target\":{\"@type\":\"EntryPoint\",\"urlTemplate\":\"https:\/\/whiblo.pl\/?s={search_term_string}\"},\"query-input\":{\"@type\":\"PropertyValueSpecification\",\"valueRequired\":true,\"valueName\":\"search_term_string\"}}],\"inLanguage\":\"en-US\"},{\"@type\":\"Organization\",\"@id\":\"https:\/\/whiblo.pl\/#organization\",\"name\":\"whiblo\",\"url\":\"https:\/\/whiblo.pl\/\",\"logo\":{\"@type\":\"ImageObject\",\"inLanguage\":\"en-US\",\"@id\":\"https:\/\/whiblo.pl\/#\/schema\/logo\/image\/\",\"url\":\"https:\/\/whiblo.pl\/wp-content\/uploads\/2023\/10\/logo__whiblo_monogram_square_green_847.png\",\"contentUrl\":\"https:\/\/whiblo.pl\/wp-content\/uploads\/2023\/10\/logo__whiblo_monogram_square_green_847.png\",\"width\":1548,\"height\":1500,\"caption\":\"whiblo\"},\"image\":{\"@id\":\"https:\/\/whiblo.pl\/#\/schema\/logo\/image\/\"},\"sameAs\":[\"https:\/\/m.facebook.com\/p\/Whiblo-aplikacja-dla-sygnalistw-100076240065931\/\",\"https:\/\/x.com\/whiblo_\"]}]}<\/script>\n<!-- \/ Yoast SEO Premium plugin. -->","yoast_head_json":{"title":"privacy policy - whiblo","robots":{"index":"index","follow":"follow","max-snippet":"max-snippet:-1","max-image-preview":"max-image-preview:large","max-video-preview":"max-video-preview:-1"},"canonical":"https:\/\/whiblo.pl\/en\/privacy-policy\/","og_locale":"en_US","og_type":"article","og_title":"privacy policy","og_description":"Kim jeste\u015bmy Adres naszej strony internetowej to: https:\/\/whiblo.pl. Jakie dane osobiste zbieramy i&nbsp;dlaczego je zbieramy Komentarze Kiedy odwiedzaj\u0105cy witryn\u0119 zostawia komentarz, zbieramy dane widoczne w&nbsp;formularzu komentowania, jak i&nbsp;adres IP odwiedzaj\u0105cego oraz podpis jego przegl\u0105darki jako pomoc przy wykrywaniu spamu. Zanonimizowany ci\u0105g znak\u00f3w stworzony na podstawie twojego adresu email (tak zwany hash) mo\u017ce zosta\u0107 przes\u0142any do...","og_url":"https:\/\/whiblo.pl\/en\/privacy-policy\/","og_site_name":"whiblo","article_publisher":"https:\/\/m.facebook.com\/p\/Whiblo-aplikacja-dla-sygnalistw-100076240065931\/","article_modified_time":"2021-09-28T08:39:59+00:00","og_image":[{"width":1200,"height":630,"url":"https:\/\/whiblo.pl\/wp-content\/uploads\/2024\/06\/whiblo__300v2_565.png","type":"image\/png"}],"twitter_card":"summary_large_image","twitter_site":"@whiblo_","twitter_misc":{"Est. reading time":"3 minutes"},"schema":{"@context":"https:\/\/schema.org","@graph":[{"@type":"WebPage","@id":"https:\/\/whiblo.pl\/en\/privacy-policy\/","url":"https:\/\/whiblo.pl\/en\/privacy-policy\/","name":"privacy policy - whiblo","isPartOf":{"@id":"https:\/\/whiblo.pl\/#website"},"datePublished":"2021-06-18T06:01:55+00:00","dateModified":"2021-09-28T08:39:59+00:00","breadcrumb":{"@id":"https:\/\/whiblo.pl\/en\/privacy-policy\/#breadcrumb"},"inLanguage":"en-US","potentialAction":[{"@type":"ReadAction","target":["https:\/\/whiblo.pl\/en\/privacy-policy\/"]}]},{"@type":"BreadcrumbList","@id":"https:\/\/whiblo.pl\/en\/privacy-policy\/#breadcrumb","itemListElement":[{"@type":"ListItem","position":1,"name":"Strona g\u0142\u00f3wna","item":"https:\/\/whiblo.pl\/en\/"},{"@type":"ListItem","position":2,"name":"privacy policy"}]},{"@type":"WebSite","@id":"https:\/\/whiblo.pl\/#website","url":"https:\/\/whiblo.pl\/","name":"whiblo","description":"whiblo \u2013 anonimowe zg\u0142aszanie nieprawid\u0142owo\u015bci","publisher":{"@id":"https:\/\/whiblo.pl\/#organization"},"potentialAction":[{"@type":"SearchAction","target":{"@type":"EntryPoint","urlTemplate":"https:\/\/whiblo.pl\/?s={search_term_string}"},"query-input":{"@type":"PropertyValueSpecification","valueRequired":true,"valueName":"search_term_string"}}],"inLanguage":"en-US"},{"@type":"Organization","@id":"https:\/\/whiblo.pl\/#organization","name":"whiblo","url":"https:\/\/whiblo.pl\/","logo":{"@type":"ImageObject","inLanguage":"en-US","@id":"https:\/\/whiblo.pl\/#\/schema\/logo\/image\/","url":"https:\/\/whiblo.pl\/wp-content\/uploads\/2023\/10\/logo__whiblo_monogram_square_green_847.png","contentUrl":"https:\/\/whiblo.pl\/wp-content\/uploads\/2023\/10\/logo__whiblo_monogram_square_green_847.png","width":1548,"height":1500,"caption":"whiblo"},"image":{"@id":"https:\/\/whiblo.pl\/#\/schema\/logo\/image\/"},"sameAs":["https:\/\/m.facebook.com\/p\/Whiblo-aplikacja-dla-sygnalistw-100076240065931\/","https:\/\/x.com\/whiblo_"]}]}},"_links":{"self":[{"href":"https:\/\/whiblo.pl\/en\/wp-json\/wp\/v2\/pages\/464","targetHints":{"allow":["GET"]}}],"collection":[{"href":"https:\/\/whiblo.pl\/en\/wp-json\/wp\/v2\/pages"}],"about":[{"href":"https:\/\/whiblo.pl\/en\/wp-json\/wp\/v2\/types\/page"}],"author":[{"embeddable":true,"href":"https:\/\/whiblo.pl\/en\/wp-json\/wp\/v2\/users\/2"}],"replies":[{"embeddable":true,"href":"https:\/\/whiblo.pl\/en\/wp-json\/wp\/v2\/comments?post=464"}],"version-history":[{"count":6,"href":"https:\/\/whiblo.pl\/en\/wp-json\/wp\/v2\/pages\/464\/revisions"}],"predecessor-version":[{"id":811,"href":"https:\/\/whiblo.pl\/en\/wp-json\/wp\/v2\/pages\/464\/revisions\/811"}],"wp:attachment":[{"href":"https:\/\/whiblo.pl\/en\/wp-json\/wp\/v2\/media?parent=464"}],"curies":[{"name":"wp","href":"https:\/\/api.w.org\/{rel}","templated":true}]}}